{"id":938,"date":"2017-05-03T12:05:42","date_gmt":"2017-05-03T12:05:42","guid":{"rendered":"http:\/\/demo.athemes.com\/ignis\/?page_id=2"},"modified":"2025-06-02T16:23:18","modified_gmt":"2025-06-02T14:23:18","slug":"a-propos","status":"publish","type":"page","link":"https:\/\/cecilesaimond.com\/?page_id=938","title":{"rendered":"\u00c0 propos"},"content":{"rendered":"<h2><img decoding=\"async\" data-attachment-id=\"1038\" data-permalink=\"https:\/\/cecilesaimond.com\/?attachment_id=1038\" data-orig-file=\"https:\/\/cecilesaimond.com\/wp-content\/uploads\/2020\/07\/portrait-site.png\" data-orig-size=\"511,528\" data-comments-opened=\"1\" data-image-meta=\"{&quot;aperture&quot;:&quot;0&quot;,&quot;credit&quot;:&quot;&quot;,&quot;camera&quot;:&quot;&quot;,&quot;caption&quot;:&quot;&quot;,&quot;created_timestamp&quot;:&quot;0&quot;,&quot;copyright&quot;:&quot;&quot;,&quot;focal_length&quot;:&quot;0&quot;,&quot;iso&quot;:&quot;0&quot;,&quot;shutter_speed&quot;:&quot;0&quot;,&quot;title&quot;:&quot;&quot;,&quot;orientation&quot;:&quot;0&quot;}\" data-image-title=\"portrait-site\" data-image-description=\"\" data-image-caption=\"\" data-medium-file=\"https:\/\/cecilesaimond.com\/wp-content\/uploads\/2020\/07\/portrait-site-290x300.png\" data-large-file=\"https:\/\/cecilesaimond.com\/wp-content\/uploads\/2020\/07\/portrait-site.png\" class=\"aligncenter wp-image-1038 size-thumbnail\" src=\"http:\/\/cecilesaimond.com\/wp-content\/uploads\/2020\/07\/portrait-site-150x150.png\" alt=\"\" width=\"150\" height=\"150\" srcset=\"https:\/\/cecilesaimond.com\/wp-content\/uploads\/2020\/07\/portrait-site-150x150.png 150w, https:\/\/cecilesaimond.com\/wp-content\/uploads\/2020\/07\/portrait-site-50x50.png 50w\" sizes=\"(max-width: 150px) 100vw, 150px\" \/><\/h2>\n<h2 style=\"text-align: left;\">Je suis directrice artistique et graphiste ind\u00e9pendante bas\u00e9e \u00e0 Lyon &#8211; Villeurbanne.<\/h2>\n<p>Dipl\u00f4m\u00e9e d&rsquo;une ma\u00eetrise LEA et d&rsquo;un DNAP, communication, j&rsquo;ai \u00e9volu\u00e9 dans plusieurs secteurs de la cr\u00e9ation visuelle : d&rsquo;abord dans la photographie ou pour le th\u00e9\u00e2tre via la sc\u00e9nographie et la communication graphique puis en tant que freelance aupr\u00e8s d&rsquo;agences de communication, d&rsquo;entreprises et d&rsquo;associations de divers secteurs. J&rsquo;ai encore et toujours \u00e0 c\u0153ur de cr\u00e9er des harmonies graphiques au service d&rsquo;un projet que l&rsquo;on remarque et que l&rsquo;on retient.<\/p>\n<p>&nbsp;<\/p>\n<h2 style=\"text-align: left;\">Je travaille dans le Print, Web, Social Media<\/h2>\n<ul>\n<li>Charte graphique, identit\u00e9 graphique, logotype.<\/li>\n<li>\u00c9dition, mise en page, cartes de visite, papeterie, affiches.<\/li>\n<li>Strat\u00e9gie et cr\u00e9ation de contenu social Media.<\/li>\n<li>Webdesign.<\/li>\n<\/ul>\n<p>&nbsp;<\/p>\n<h1><strong>Mes r\u00e9f\u00e9rences<\/strong><\/h1>\n<p style=\"text-align: left;\">WedoPictures, Esprit Libre, Comhic, Le festival Les Oreilles en Pointe, France T\u00e9l\u00e9visions, Le Syndicat Intercommunal de la Vall\u00e9e de l\u2019Ondaine, CNRS, Compagnie A petit Pas, Compagnie C\u0153ur d\u2019Artichaut \u2013 THEATRE, \u00a0DDB Nouveau Monde, Native Communication, Makheia Affinity<\/p>\n<p>&nbsp;<\/p>\n<h1>Ils ont dit :<\/h1>\n<p>&nbsp;<\/p>\n<p><em>\u00ab\u00a0\u2026une cliente a sign\u00e9 avec nous car elle a \u00e9t\u00e9 s\u00e9duite par le site.<br \/>\n<\/em><em>Elle a trouv\u00e9 qu\u2019\u00e0 travers le site, on sentait tout de suite que les Teambuilding propos\u00e9s \u00e9taient vraiment personnalis\u00e9s\u00a0\u00bb<\/em><\/p>\n<h2><strong>Anne Laure Merias, directrice de l\u2019agence Esprit Libre, cr\u00e9ateur de Teambuildings &#8211;\u00a0<a href=\"http:\/\/www.e-libre.com\/\" target=\"_blank\" rel=\"noopener noreferrer\">http:\/\/www.e-libre.com<\/a><\/strong><\/h2>\n<p>&nbsp;<\/p>\n<p><em>\u00ab\u00a0Talent de graphiste, bien loin des montages et collages rencontr\u00e9s trop souvent.\u00a0\u00bb<br \/>\n<\/em><em>\u00ab\u00a0R\u00e9active et disponible, un aspect essentiel dans ce type de travail o\u00f9 il est imp\u00e9ratif de tenir les d\u00e9lais et d\u2019apporter imm\u00e9diatement des modifications ou des corrections.\u00a0\u00bb<br \/>\n<\/em><em>\u00ab\u00a0Chaque ann\u00e9e de nouvelles pistes pour enrichir et animer le site du festival. Cet mission ne peut \u00eatre remplie que par des infographistes comp\u00e9tents et au fait des derni\u00e8res techniques\u2026\u00a0\u00bb<\/em><\/p>\n<h2><strong>Tibert, Directeur artistique du Festival Les Oreilles en Pointe &#8211; <a href=\"http:\/\/www.oreillesenpointe.com\" target=\"_blank\" rel=\"noopener noreferrer\">http:\/\/www.oreillesenpointe.com<\/a><\/strong><\/h2>\n<p>&nbsp;<\/p>\n<p><em>\u00ab\u00a0J\u2019ai travaill\u00e9 avec C\u00e9cile Saimond pour la conception et la r\u00e9alisation de mon site professionnel. Cela s\u2019est tr\u00e8s bien pass\u00e9 dans les d\u00e9lais impartis.<\/em><br \/>\n<em>Ses points forts:<\/em><br \/>\n<em>\u2013 une tr\u00e8s bonne compr\u00e9hension de mes besoins<\/em><br \/>\n<em>\u2013 des grandes capacit\u00e9s cr\u00e9atrices pour faire des propositions adapt\u00e9es<\/em><br \/>\n<em>\u2013 une excellente r\u00e9activit\u00e9<\/em><br \/>\n<em>\u2013 une souplesse relationnelle<\/em><br \/>\n<em>\u2013 des contacts chaleureux et tr\u00e8s professionnels\u00a0\u00bb<\/em><\/p>\n<h2><strong>Marie-Agn\u00e8s Chauvin,\u00a0Consultante\/coach chez Solea conseil<\/strong><\/h2>\n<p>&nbsp;<\/p>\n<p><em>\u00ab\u00a0Sobri\u00e9t\u00e9, \u00e9l\u00e9gance et raffinement du graphisme.\u00a0\u00bb<br \/>\n<\/em><em>\u00ab\u00a0Pr\u00e9sentation claire de mes informations et une mise en valeur de l\u2019offre.\u00a0\u00bb<br \/>\n<\/em><em>\u00ab\u00a0Les personnes me connaissant mieux, m\u2019ont d\u2019ailleurs f\u00e9licit\u00e9e pour la r\u00e9alisation de ce site\u00a0\u00bb<\/em><\/p>\n<h2><strong>Josette Derrmann-Piguet, propri\u00e9taire de La Maison Sarron, Chambres d\u2019h\u00f4tes<\/strong><\/h2>\n<h2><\/h2>\n","protected":false},"excerpt":{"rendered":"<p>Je suis directrice artistique et graphiste ind\u00e9pendante bas\u00e9e \u00e0 Lyon &#8211; Villeurbanne. Dipl\u00f4m\u00e9e d&rsquo;une ma\u00eetrise LEA et d&rsquo;un DNAP, communication, [&hellip;]<\/p>\n","protected":false},"author":1,"featured_media":0,"parent":0,"menu_order":0,"comment_status":"closed","ping_status":"closed","template":"page-templates\/template_fullwidth.php","meta":{"footnotes":""},"class_list":["post-938","page","type-page","status-publish","hentry","clearfix"],"jetpack_sharing_enabled":true,"_links":{"self":[{"href":"https:\/\/cecilesaimond.com\/index.php?rest_route=\/wp\/v2\/pages\/938","targetHints":{"allow":["GET"]}}],"collection":[{"href":"https:\/\/cecilesaimond.com\/index.php?rest_route=\/wp\/v2\/pages"}],"about":[{"href":"https:\/\/cecilesaimond.com\/index.php?rest_route=\/wp\/v2\/types\/page"}],"author":[{"embeddable":true,"href":"https:\/\/cecilesaimond.com\/index.php?rest_route=\/wp\/v2\/users\/1"}],"replies":[{"embeddable":true,"href":"https:\/\/cecilesaimond.com\/index.php?rest_route=%2Fwp%2Fv2%2Fcomments&post=938"}],"version-history":[{"count":20,"href":"https:\/\/cecilesaimond.com\/index.php?rest_route=\/wp\/v2\/pages\/938\/revisions"}],"predecessor-version":[{"id":3801,"href":"https:\/\/cecilesaimond.com\/index.php?rest_route=\/wp\/v2\/pages\/938\/revisions\/3801"}],"wp:attachment":[{"href":"https:\/\/cecilesaimond.com\/index.php?rest_route=%2Fwp%2Fv2%2Fmedia&parent=938"}],"curies":[{"name":"wp","href":"https:\/\/api.w.org\/{rel}","templated":true}]}}