{"id":1381,"date":"2026-03-25T17:12:27","date_gmt":"2026-03-25T16:12:27","guid":{"rendered":"https:\/\/cecilesaimond.com\/autrice\/?post_type=product&#038;p=1381"},"modified":"2026-04-22T15:29:31","modified_gmt":"2026-04-22T13:29:31","slug":"les-heritages-les-etranges-vies-livre-1-broche","status":"publish","type":"product","link":"https:\/\/cecilesaimond.com\/autrice\/produit\/les-heritages-les-etranges-vies-livre-1-broche\/","title":{"rendered":"Les h\u00e9ritages &#8211; Les \u00e9tranges vies &#8211; Livre 1 (broch\u00e9)"},"content":{"rendered":"<p>BROCH\u00c9 (couverture souple)<\/p>\n<h2>Fantasy historique &amp; gothique avec plus que des fant\u00f4mes.<\/h2>\n<p>Un matin de janvier\u00a01906, les parents d\u2019Abigail perdent la vie au volant de leur Wolseley dernier cri. Pourtant, le soir m\u00eame, le fant\u00f4me de son p\u00e8re lui rend une ultime visite pour lui annoncer qu\u2019elle a h\u00e9rit\u00e9 du don de m\u00e9dium de sa m\u00e8re.<\/p>\n<p>Malgr\u00e9 l\u2019angoisse, la jeune fille ne veut en aucune fa\u00e7on se confier \u00e0 son fr\u00e8re a\u00een\u00e9, William, tant ce dernier a chang\u00e9 depuis qu\u2019il a quitt\u00e9 le manoir familial pour rejoindre la bonne soci\u00e9t\u00e9 londonienne.<br \/>\nInd\u00e9pendante et pugnace, elle pr\u00e9f\u00e8re ne s\u2019en remettre qu\u2019\u00e0 elle-m\u00eame et \u00e0 une m\u00e9thodologie scientifique pour tenter de ma\u00eetriser les d\u00e9boires que provoquent ces inqui\u00e9tants spectres autour d\u2019elle.<br \/>\nCependant, ses rencontres \u00e9troites avec les esprits la conduisent enfin \u00e0 s\u2019ouvrir \u00e0 autrui, morts comme vivants, et \u00e0 se trouver de nouveaux alli\u00e9s pour faire face \u00e0 sa condition d\u2019orpheline.<\/p>\n<p><strong>Aventure initiatique et enqu\u00eate intime se m\u00ealeront jusqu\u2019\u00e0 lui r\u00e9v\u00e9ler l\u2019ampleur de ses pouvoirs ainsi que les terribles forces occultes en pr\u00e9sence.<\/strong><\/p>\n","protected":false},"excerpt":{"rendered":"<p>Fantasy historique &amp; gothique &#8211; BROCH\u00c9 (couverture souple)<\/p>\n","protected":false},"featured_media":1096,"template":"","meta":{"ocean_post_layout":"","ocean_both_sidebars_style":"","ocean_both_sidebars_content_width":0,"ocean_both_sidebars_sidebars_width":0,"ocean_sidebar":"0","ocean_second_sidebar":"0","ocean_disable_margins":"enable","ocean_add_body_class":"","ocean_shortcode_before_top_bar":"","ocean_shortcode_after_top_bar":"","ocean_shortcode_before_header":"","ocean_shortcode_after_header":"","ocean_has_shortcode":"","ocean_shortcode_after_title":"","ocean_shortcode_before_footer_widgets":"","ocean_shortcode_after_footer_widgets":"","ocean_shortcode_before_footer_bottom":"","ocean_shortcode_after_footer_bottom":"","ocean_display_top_bar":"default","ocean_display_header":"default","ocean_header_style":"","ocean_center_header_left_menu":"0","ocean_custom_header_template":"0","ocean_custom_logo":0,"ocean_custom_retina_logo":0,"ocean_custom_logo_max_width":0,"ocean_custom_logo_tablet_max_width":0,"ocean_custom_logo_mobile_max_width":0,"ocean_custom_logo_max_height":0,"ocean_custom_logo_tablet_max_height":0,"ocean_custom_logo_mobile_max_height":0,"ocean_header_custom_menu":"0","ocean_menu_typo_font_family":"0","ocean_menu_typo_font_subset":"","ocean_menu_typo_font_size":0,"ocean_menu_typo_font_size_tablet":0,"ocean_menu_typo_font_size_mobile":0,"ocean_menu_typo_font_size_unit":"px","ocean_menu_typo_font_weight":"","ocean_menu_typo_font_weight_tablet":"","ocean_menu_typo_font_weight_mobile":"","ocean_menu_typo_transform":"","ocean_menu_typo_transform_tablet":"","ocean_menu_typo_transform_mobile":"","ocean_menu_typo_line_height":0,"ocean_menu_typo_line_height_tablet":0,"ocean_menu_typo_line_height_mobile":0,"ocean_menu_typo_line_height_unit":"","ocean_menu_typo_spacing":0,"ocean_menu_typo_spacing_tablet":0,"ocean_menu_typo_spacing_mobile":0,"ocean_menu_typo_spacing_unit":"","ocean_menu_link_color":"","ocean_menu_link_color_hover":"","ocean_menu_link_color_active":"","ocean_menu_link_background":"","ocean_menu_link_hover_background":"","ocean_menu_link_active_background":"","ocean_menu_social_links_bg":"","ocean_menu_social_hover_links_bg":"","ocean_menu_social_links_color":"","ocean_menu_social_hover_links_color":"","ocean_disable_title":"default","ocean_disable_heading":"default","ocean_post_title":"","ocean_post_subheading":"","ocean_post_title_style":"","ocean_post_title_background_color":"","ocean_post_title_background":0,"ocean_post_title_bg_image_position":"","ocean_post_title_bg_image_attachment":"","ocean_post_title_bg_image_repeat":"","ocean_post_title_bg_image_size":"","ocean_post_title_height":0,"ocean_post_title_bg_overlay":0.5,"ocean_post_title_bg_overlay_color":"","ocean_disable_breadcrumbs":"default","ocean_breadcrumbs_color":"","ocean_breadcrumbs_separator_color":"","ocean_breadcrumbs_links_color":"","ocean_breadcrumbs_links_hover_color":"","ocean_display_footer_widgets":"default","ocean_display_footer_bottom":"default","ocean_custom_footer_template":"0"},"product_brand":[],"product_cat":[27],"product_tag":[37],"class_list":{"0":"post-1381","1":"product","2":"type-product","3":"status-publish","4":"has-post-thumbnail","6":"product_cat-livres","7":"product_tag-lesetrangesvies","9":"entry","10":"has-media","12":"first","13":"instock","14":"shipping-taxable","15":"purchasable","16":"product-type-simple","17":"col","18":"span_1_of_3","19":"owp-content-center","20":"owp-thumbs-layout-horizontal","21":"owp-btn-normal","22":"owp-tabs-layout-horizontal"},"_links":{"self":[{"href":"https:\/\/cecilesaimond.com\/autrice\/wp-json\/wp\/v2\/product\/1381","targetHints":{"allow":["GET"]}}],"collection":[{"href":"https:\/\/cecilesaimond.com\/autrice\/wp-json\/wp\/v2\/product"}],"about":[{"href":"https:\/\/cecilesaimond.com\/autrice\/wp-json\/wp\/v2\/types\/product"}],"wp:featuredmedia":[{"embeddable":true,"href":"https:\/\/cecilesaimond.com\/autrice\/wp-json\/wp\/v2\/media\/1096"}],"wp:attachment":[{"href":"https:\/\/cecilesaimond.com\/autrice\/wp-json\/wp\/v2\/media?parent=1381"}],"wp:term":[{"taxonomy":"product_brand","embeddable":true,"href":"https:\/\/cecilesaimond.com\/autrice\/wp-json\/wp\/v2\/product_brand?post=1381"},{"taxonomy":"product_cat","embeddable":true,"href":"https:\/\/cecilesaimond.com\/autrice\/wp-json\/wp\/v2\/product_cat?post=1381"},{"taxonomy":"product_tag","embeddable":true,"href":"https:\/\/cecilesaimond.com\/autrice\/wp-json\/wp\/v2\/product_tag?post=1381"}],"curies":[{"name":"wp","href":"https:\/\/api.w.org\/{rel}","templated":true}]}}