{"id":601,"date":"2025-11-18T10:38:16","date_gmt":"2025-11-18T09:38:16","guid":{"rendered":"https:\/\/cecilesaimond.com\/autrice\/?page_id=601"},"modified":"2026-01-14T10:21:16","modified_gmt":"2026-01-14T09:21:16","slug":"s-abonner","status":"publish","type":"page","link":"https:\/\/cecilesaimond.com\/autrice\/s-abonner\/","title":{"rendered":"S&rsquo;abonner \u00e0 l&rsquo;infolettre"},"content":{"rendered":"\t\t<div data-elementor-type=\"wp-page\" data-elementor-id=\"601\" class=\"elementor elementor-601\">\n\t\t\t\t<div class=\"elementor-element elementor-element-625aae7 e-flex e-con-boxed e-con e-parent\" data-id=\"625aae7\" data-element_type=\"container\" data-settings=\"{&quot;background_background&quot;:&quot;gradient&quot;,&quot;shape_divider_bottom&quot;:&quot;split&quot;}\">\n\t\t\t\t\t<div class=\"e-con-inner\">\n\t\t\t\t<div class=\"elementor-shape elementor-shape-bottom\" aria-hidden=\"true\" data-negative=\"false\">\n\t\t\t<svg xmlns=\"http:\/\/www.w3.org\/2000\/svg\" viewBox=\"0 0 1000 20\" preserveAspectRatio=\"none\">\n\t<path class=\"elementor-shape-fill\" d=\"M0,0v3c0,0,393.8,0,483.4,0c9.2,0,16.6,7.4,16.6,16.6c0-9.1,7.4-16.6,16.6-16.6C606.2,3,1000,3,1000,3V0H0z\"\/>\n<\/svg>\t\t<\/div>\n\t\t\t\t<div class=\"elementor-element elementor-element-3c0e37d elementor-widget elementor-widget-spacer\" data-id=\"3c0e37d\" data-element_type=\"widget\" data-widget_type=\"spacer.default\">\n\t\t\t\t\t\t\t<div class=\"elementor-spacer\">\n\t\t\t<div class=\"elementor-spacer-inner\"><\/div>\n\t\t<\/div>\n\t\t\t\t\t\t<\/div>\n\t\t\t\t<div class=\"elementor-element elementor-element-f3bd30e elementor-widget elementor-widget-heading\" data-id=\"f3bd30e\" data-element_type=\"widget\" data-widget_type=\"heading.default\">\n\t\t\t\t\t<h4 class=\"elementor-heading-title elementor-size-default\">Trilogie \u00e0 paraitre en 2026<\/h4>\t\t\t\t<\/div>\n\t\t\t\t<div class=\"elementor-element elementor-element-db91f89 elementor-invisible elementor-widget elementor-widget-image\" data-id=\"db91f89\" data-element_type=\"widget\" data-settings=\"{&quot;_animation&quot;:&quot;fadeIn&quot;}\" data-widget_type=\"image.default\">\n\t\t\t\t\t\t\t\t\t\t\t\t\t\t\t<img fetchpriority=\"high\" decoding=\"async\" width=\"400\" height=\"177\" src=\"https:\/\/cecilesaimond.com\/autrice\/wp-content\/uploads\/sites\/2\/2025\/10\/evav-400.png\" class=\"attachment-full size-full wp-image-103\" alt=\"Les \u00e9tranges vies d&#039;Abigail Vyse - trilogie gothique de C\u00e9cile Saimond, autrice fran\u00e7aise de l&#039;imaginaire\" srcset=\"https:\/\/cecilesaimond.com\/autrice\/wp-content\/uploads\/sites\/2\/2025\/10\/evav-400.png 400w, https:\/\/cecilesaimond.com\/autrice\/wp-content\/uploads\/sites\/2\/2025\/10\/evav-400-300x133.png 300w\" sizes=\"(max-width: 400px) 100vw, 400px\" \/>\t\t\t\t\t\t\t\t\t\t\t\t\t\t\t<\/div>\n\t\t\t\t<div class=\"elementor-element elementor-element-89055c6 elementor-widget elementor-widget-spacer\" data-id=\"89055c6\" data-element_type=\"widget\" data-widget_type=\"spacer.default\">\n\t\t\t\t\t\t\t<div class=\"elementor-spacer\">\n\t\t\t<div class=\"elementor-spacer-inner\"><\/div>\n\t\t<\/div>\n\t\t\t\t\t\t<\/div>\n\t\t\t\t\t<\/div>\n\t\t\t\t<\/div>\n\t\t<div class=\"elementor-element elementor-element-e6d240a e-flex e-con-boxed e-con e-parent\" data-id=\"e6d240a\" data-element_type=\"container\">\n\t\t\t\t\t<div class=\"e-con-inner\">\n\t\t<div class=\"elementor-element elementor-element-344c07e e-con-full e-flex elementor-invisible e-con e-child\" data-id=\"344c07e\" data-element_type=\"container\" data-settings=\"{&quot;animation&quot;:&quot;bounceInLeft&quot;,&quot;background_background&quot;:&quot;classic&quot;}\">\n\t\t\t\t<div class=\"elementor-element elementor-element-7b1820d elementor-widget elementor-widget-heading\" data-id=\"7b1820d\" data-element_type=\"widget\" data-widget_type=\"heading.default\">\n\t\t\t\t\t<h2 class=\"elementor-heading-title elementor-size-default\">Je m'inscris pour \u00eatre tenu.e inform\u00e9.e des sorties et des bonus<\/h2>\t\t\t\t<\/div>\n\t\t\t\t<div class=\"elementor-element elementor-element-18c1e3ed elementor-widget elementor-widget-text-editor\" data-id=\"18c1e3ed\" data-element_type=\"widget\" data-widget_type=\"text-editor.default\">\n\t\t\t\t\t\t\t\t\t<p>Pas de spam sans \u00e2me, juste des infos et du fantastique.<\/p>\t\t\t\t\t\t\t\t<\/div>\n\t\t\t\t<div class=\"elementor-element elementor-element-55e4a855 elementor-widget elementor-widget-text-editor\" data-id=\"55e4a855\" data-element_type=\"widget\" data-widget_type=\"text-editor.default\">\n\t\t\t\t\t\t\t\t\t<p>\n\t\t\t<form id=\"sib_signup_form_1\" method=\"post\" class=\"sib_signup_form\">\n\t\t\t\t<div class=\"sib_loader\" style=\"display:none;\"><img\n\t\t\t\t\t\t\tsrc=\"https:\/\/cecilesaimond.com\/autrice\/wp-includes\/images\/spinner.gif\" alt=\"loader\"><\/div>\n\t\t\t\t<input type=\"hidden\" name=\"sib_form_action\" value=\"subscribe_form_submit\">\n\t\t\t\t<input type=\"hidden\" name=\"sib_form_id\" value=\"1\">\n                <input type=\"hidden\" name=\"sib_form_alert_notice\" value=\"Remplis ce champ s\u2019il te pla\u00eet\">\n                <input type=\"hidden\" name=\"sib_form_invalid_email_notice\" value=\"Cette adresse email n&#039;est pas valide\">\n                <input type=\"hidden\" name=\"sib_security\" value=\"1bce736ddd\">\n\t\t\t\t<div class=\"sib_signup_box_inside_1\">\n\t\t\t\t\t<div style=\"\/*display:none*\/\" class=\"sib_msg_disp\">\n\t\t\t\t\t<\/div>\n                    \t\t\t\t\t<p class=\"sib-email-area dark\"> \r\n    <label class=\"sib-email-area\">Adresse email*<\/label> \r\n    <input type=\"email\" class=\"sib-email-area\" name=\"email\" placeholder=\"\" value=\"\" required=\"required\"> \r\n<\/p>\r\n\r\n<p class=\"sib-PRENOM-area\"> \r\n    <label class=\"sib-PRENOM-area\">Pr\u00e9nom<\/label> \r\n    <input type=\"text\" class=\"sib-PRENOM-area\" name=\"PRENOM\"> \r\n<\/p>\r\n<p class=\"sib-NOM-area\"> \r\n    <label class=\"sib-NOM-area\">Nom<\/label> \r\n    <input type=\"text\" class=\"sib-NOM-area\" name=\"NOM\"> \r\n<\/p>\r\n<p> \r\n    <input type=\"submit\" class=\"sib-default-btn\" name=\"submit\" value=\"S'inscrire\"> \r\n<\/p>\r\n\t\t\t\t<\/div>\n\t\t\t<\/form>\n\t\t\t<style>\n\t\t\t\tform#sib_signup_form_1 { padding: 5px; -moz-box-sizing:border-box; -webkit-box-sizing: border-box; box-sizing: border-box; } form#sib_signup_form_1 input[type=text]{color: #fff;},form#sib_signup_form_1 input[type=email]{color: #fff !important;}, form#sib_signup_form_1 select { width: 100%; border: 1px solid #bbb; height: auto; margin: 5px 0 0 0; } form#sib_signup_form_1 .sib-default-btn { margin: 5px 0; padding: 6px 12px; color:#fff; background-color: #333; border-color: #2E2E2E; font-size: 14px; font-weight:400; line-height: 1.4285; text-align: center; cursor: pointer; vertical-align: middle; -webkit-user-select:none; -moz-user-select:none; -ms-user-select:none; user-select:none; white-space: normal; border:1px solid transparent; border-radius: 3px; } form#sib_signup_form_1 .sib-default-btn:hover { background-color: #444; } form#sib_signup_form_1 p{ margin: 10px 0 0 0; }form#sib_signup_form_1 p.sib-alert-message {\n    padding: 6px 12px;\n    margin-bottom: 20px;\n    border: 1px solid transparent;\n    border-radius: 4px;\n    -webkit-box-sizing: border-box;\n    -moz-box-sizing: border-box;\n    box-sizing: border-box;\n}\nform#sib_signup_form_1 p.sib-alert-message-error {\n    background-color: #f2dede;\n    border-color: #ebccd1;\n    color: #a94442;\n}\nform#sib_signup_form_1 p.sib-alert-message-success {\n    background-color: #dff0d8;\n    border-color: #d6e9c6;\n    color: #3c763d;\n}\nform#sib_signup_form_1 p.sib-alert-message-warning {\n    background-color: #fcf8e3;\n    border-color: #faebcc;\n    color: #8a6d3b;\n}\n\t\t\t<\/style>\n\t\t\t<\/p>\t\t\t\t\t\t\t\t<\/div>\n\t\t\t\t<\/div>\n\t\t<div class=\"elementor-element elementor-element-734fadbc e-con-full e-flex elementor-invisible e-con e-child\" data-id=\"734fadbc\" data-element_type=\"container\" data-settings=\"{&quot;animation&quot;:&quot;bounceInRight&quot;}\">\n\t\t\t\t<div class=\"elementor-element elementor-element-79c9a449 elementor-invisible elementor-widget elementor-widget-image\" data-id=\"79c9a449\" data-element_type=\"widget\" data-settings=\"{&quot;_animation&quot;:&quot;fadeIn&quot;}\" data-widget_type=\"image.default\">\n\t\t\t\t\t\t\t\t\t\t\t\t\t\t\t<img decoding=\"async\" width=\"300\" height=\"300\" src=\"https:\/\/cecilesaimond.com\/autrice\/wp-content\/uploads\/sites\/2\/2026\/01\/LES-ETRANGES-Abigail-300x300.jpg\" class=\"attachment-medium size-medium wp-image-922\" alt=\"\" srcset=\"https:\/\/cecilesaimond.com\/autrice\/wp-content\/uploads\/sites\/2\/2026\/01\/LES-ETRANGES-Abigail-300x300.jpg 300w, https:\/\/cecilesaimond.com\/autrice\/wp-content\/uploads\/sites\/2\/2026\/01\/LES-ETRANGES-Abigail-150x150.jpg 150w, https:\/\/cecilesaimond.com\/autrice\/wp-content\/uploads\/sites\/2\/2026\/01\/LES-ETRANGES-Abigail-100x100.jpg 100w, https:\/\/cecilesaimond.com\/autrice\/wp-content\/uploads\/sites\/2\/2026\/01\/LES-ETRANGES-Abigail.jpg 600w\" sizes=\"(max-width: 300px) 100vw, 300px\" \/>\t\t\t\t\t\t\t\t\t\t\t\t\t\t\t<\/div>\n\t\t\t\t<\/div>\n\t\t\t\t\t<\/div>\n\t\t\t\t<\/div>\n\t\t<div class=\"elementor-element elementor-element-3b20e340 e-flex e-con-boxed e-con e-parent\" data-id=\"3b20e340\" data-element_type=\"container\" data-settings=\"{&quot;background_background&quot;:&quot;gradient&quot;,&quot;shape_divider_top&quot;:&quot;split&quot;}\">\n\t\t\t\t\t<div class=\"e-con-inner\">\n\t\t\t\t<div class=\"elementor-shape elementor-shape-top\" aria-hidden=\"true\" data-negative=\"false\">\n\t\t\t<svg xmlns=\"http:\/\/www.w3.org\/2000\/svg\" viewBox=\"0 0 1000 20\" preserveAspectRatio=\"none\">\n\t<path class=\"elementor-shape-fill\" d=\"M0,0v3c0,0,393.8,0,483.4,0c9.2,0,16.6,7.4,16.6,16.6c0-9.1,7.4-16.6,16.6-16.6C606.2,3,1000,3,1000,3V0H0z\"\/>\n<\/svg>\t\t<\/div>\n\t\t\t\t<div class=\"elementor-element elementor-element-5712c95 elementor-widget elementor-widget-spacer\" data-id=\"5712c95\" data-element_type=\"widget\" data-widget_type=\"spacer.default\">\n\t\t\t\t\t\t\t<div class=\"elementor-spacer\">\n\t\t\t<div class=\"elementor-spacer-inner\"><\/div>\n\t\t<\/div>\n\t\t\t\t\t\t<\/div>\n\t\t\t\t<div class=\"elementor-element elementor-element-16807b2 elementor-widget elementor-widget-heading\" data-id=\"16807b2\" data-element_type=\"widget\" data-widget_type=\"heading.default\">\n\t\t\t\t\t<h4 class=\"elementor-heading-title elementor-size-default\">Tout le monde aime les histoires de fant\u00f4mes.<br>Le probl\u00e8me, c\u2019est quand ils viennent eux-m\u00eames vous les raconter.<\/h4>\t\t\t\t<\/div>\n\t\t\t\t<div class=\"elementor-element elementor-element-17892a0 elementor-widget elementor-widget-spacer\" data-id=\"17892a0\" data-element_type=\"widget\" data-widget_type=\"spacer.default\">\n\t\t\t\t\t\t\t<div class=\"elementor-spacer\">\n\t\t\t<div class=\"elementor-spacer-inner\"><\/div>\n\t\t<\/div>\n\t\t\t\t\t\t<\/div>\n\t\t\t\t\t<\/div>\n\t\t\t\t<\/div>\n\t\t<div class=\"elementor-element elementor-element-32b5a247 e-flex e-con-boxed e-con e-parent\" data-id=\"32b5a247\" data-element_type=\"container\" data-settings=\"{&quot;background_background&quot;:&quot;classic&quot;,&quot;shape_divider_top&quot;:&quot;split&quot;}\">\n\t\t\t\t\t<div class=\"e-con-inner\">\n\t\t\t\t<div class=\"elementor-shape elementor-shape-top\" aria-hidden=\"true\" data-negative=\"false\">\n\t\t\t<svg xmlns=\"http:\/\/www.w3.org\/2000\/svg\" viewBox=\"0 0 1000 20\" preserveAspectRatio=\"none\">\n\t<path class=\"elementor-shape-fill\" d=\"M0,0v3c0,0,393.8,0,483.4,0c9.2,0,16.6,7.4,16.6,16.6c0-9.1,7.4-16.6,16.6-16.6C606.2,3,1000,3,1000,3V0H0z\"\/>\n<\/svg>\t\t<\/div>\n\t\t\t\t<div class=\"elementor-element elementor-element-7a9dc661 elementor-widget elementor-widget-spacer\" data-id=\"7a9dc661\" data-element_type=\"widget\" data-widget_type=\"spacer.default\">\n\t\t\t\t\t\t\t<div class=\"elementor-spacer\">\n\t\t\t<div class=\"elementor-spacer-inner\"><\/div>\n\t\t<\/div>\n\t\t\t\t\t\t<\/div>\n\t\t<div class=\"elementor-element elementor-element-9238403 e-con-full e-flex e-con e-child\" data-id=\"9238403\" data-element_type=\"container\">\n\t\t<div class=\"elementor-element elementor-element-b7010c2 e-grid e-con-full e-con e-child\" data-id=\"b7010c2\" data-element_type=\"container\">\n\t\t\t\t<div class=\"elementor-element elementor-element-58cb8d47 elementor-view-default elementor-widget elementor-widget-icon\" data-id=\"58cb8d47\" data-element_type=\"widget\" data-widget_type=\"icon.default\">\n\t\t\t\t\t\t\t<div class=\"elementor-icon-wrapper\">\n\t\t\t<a class=\"elementor-icon\" href=\"https:\/\/www.instagram.com\/cecile.ecreature\/\" target=\"_blank\" rel=\"nofollow noopener\">\n\t\t\t<svg aria-hidden=\"true\" class=\"e-font-icon-svg e-fab-instagram\" viewBox=\"0 0 448 512\" xmlns=\"http:\/\/www.w3.org\/2000\/svg\"><path d=\"M224.1 141c-63.6 0-114.9 51.3-114.9 114.9s51.3 114.9 114.9 114.9S339 319.5 339 255.9 287.7 141 224.1 141zm0 189.6c-41.1 0-74.7-33.5-74.7-74.7s33.5-74.7 74.7-74.7 74.7 33.5 74.7 74.7-33.6 74.7-74.7 74.7zm146.4-194.3c0 14.9-12 26.8-26.8 26.8-14.9 0-26.8-12-26.8-26.8s12-26.8 26.8-26.8 26.8 12 26.8 26.8zm76.1 27.2c-1.7-35.9-9.9-67.7-36.2-93.9-26.2-26.2-58-34.4-93.9-36.2-37-2.1-147.9-2.1-184.9 0-35.8 1.7-67.6 9.9-93.9 36.1s-34.4 58-36.2 93.9c-2.1 37-2.1 147.9 0 184.9 1.7 35.9 9.9 67.7 36.2 93.9s58 34.4 93.9 36.2c37 2.1 147.9 2.1 184.9 0 35.9-1.7 67.7-9.9 93.9-36.2 26.2-26.2 34.4-58 36.2-93.9 2.1-37 2.1-147.8 0-184.8zM398.8 388c-7.8 19.6-22.9 34.7-42.6 42.6-29.5 11.7-99.5 9-132.1 9s-102.7 2.6-132.1-9c-19.6-7.8-34.7-22.9-42.6-42.6-11.7-29.5-9-99.5-9-132.1s-2.6-102.7 9-132.1c7.8-19.6 22.9-34.7 42.6-42.6 29.5-11.7 99.5-9 132.1-9s102.7-2.6 132.1 9c19.6 7.8 34.7 22.9 42.6 42.6 11.7 29.5 9 99.5 9 132.1s2.7 102.7-9 132.1z\"><\/path><\/svg>\t\t\t<\/a>\n\t\t<\/div>\n\t\t\t\t\t\t<\/div>\n\t\t\t\t<div class=\"elementor-element elementor-element-7b9108af elementor-view-default elementor-widget elementor-widget-icon\" data-id=\"7b9108af\" data-element_type=\"widget\" data-widget_type=\"icon.default\">\n\t\t\t\t\t\t\t<div class=\"elementor-icon-wrapper\">\n\t\t\t<a class=\"elementor-icon\" href=\"https:\/\/www.threads.com\/@cecile.ecreature\" target=\"_blank\" rel=\"nofollow noopener\">\n\t\t\t<svg aria-hidden=\"true\" class=\"e-font-icon-svg e-fab-threads\" viewBox=\"0 0 448 512\" xmlns=\"http:\/\/www.w3.org\/2000\/svg\"><path d=\"M331.5 235.7c2.2 .9 4.2 1.9 6.3 2.8c29.2 14.1 50.6 35.2 61.8 61.4c15.7 36.5 17.2 95.8-30.3 143.2c-36.2 36.2-80.3 52.5-142.6 53h-.3c-70.2-.5-124.1-24.1-160.4-70.2c-32.3-41-48.9-98.1-49.5-169.6V256v-.2C17 184.3 33.6 127.2 65.9 86.2C102.2 40.1 156.2 16.5 226.4 16h.3c70.3 .5 124.9 24 162.3 69.9c18.4 22.7 32 50 40.6 81.7l-40.4 10.8c-7.1-25.8-17.8-47.8-32.2-65.4c-29.2-35.8-73-54.2-130.5-54.6c-57 .5-100.1 18.8-128.2 54.4C72.1 146.1 58.5 194.3 58 256c.5 61.7 14.1 109.9 40.3 143.3c28 35.6 71.2 53.9 128.2 54.4c51.4-.4 85.4-12.6 113.7-40.9c32.3-32.2 31.7-71.8 21.4-95.9c-6.1-14.2-17.1-26-31.9-34.9c-3.7 26.9-11.8 48.3-24.7 64.8c-17.1 21.8-41.4 33.6-72.7 35.3c-23.6 1.3-46.3-4.4-63.9-16c-20.8-13.8-33-34.8-34.3-59.3c-2.5-48.3 35.7-83 95.2-86.4c21.1-1.2 40.9-.3 59.2 2.8c-2.4-14.8-7.3-26.6-14.6-35.2c-10-11.7-25.6-17.7-46.2-17.8H227c-16.6 0-39 4.6-53.3 26.3l-34.4-23.6c19.2-29.1 50.3-45.1 87.8-45.1h.8c62.6 .4 99.9 39.5 103.7 107.7l-.2 .2zm-156 68.8c1.3 25.1 28.4 36.8 54.6 35.3c25.6-1.4 54.6-11.4 59.5-73.2c-13.2-2.9-27.8-4.4-43.4-4.4c-4.8 0-9.6 .1-14.4 .4c-42.9 2.4-57.2 23.2-56.2 41.8l-.1 .1z\"><\/path><\/svg>\t\t\t<\/a>\n\t\t<\/div>\n\t\t\t\t\t\t<\/div>\n\t\t\t\t<div class=\"elementor-element elementor-element-4fdc84bd elementor-view-default elementor-widget elementor-widget-icon\" data-id=\"4fdc84bd\" data-element_type=\"widget\" data-widget_type=\"icon.default\">\n\t\t\t\t\t\t\t<div class=\"elementor-icon-wrapper\">\n\t\t\t<a class=\"elementor-icon\" href=\"https:\/\/www.youtube.com\/@cecilesaimond\" target=\"_blank\" rel=\"nofollow noopener\">\n\t\t\t<svg aria-hidden=\"true\" class=\"e-font-icon-svg e-fab-youtube\" viewBox=\"0 0 576 512\" xmlns=\"http:\/\/www.w3.org\/2000\/svg\"><path d=\"M549.655 124.083c-6.281-23.65-24.787-42.276-48.284-48.597C458.781 64 288 64 288 64S117.22 64 74.629 75.486c-23.497 6.322-42.003 24.947-48.284 48.597-11.412 42.867-11.412 132.305-11.412 132.305s0 89.438 11.412 132.305c6.281 23.65 24.787 41.5 48.284 47.821C117.22 448 288 448 288 448s170.78 0 213.371-11.486c23.497-6.321 42.003-24.171 48.284-47.821 11.412-42.867 11.412-132.305 11.412-132.305s0-89.438-11.412-132.305zm-317.51 213.508V175.185l142.739 81.205-142.739 81.201z\"><\/path><\/svg>\t\t\t<\/a>\n\t\t<\/div>\n\t\t\t\t\t\t<\/div>\n\t\t\t\t<div class=\"elementor-element elementor-element-19c35853 elementor-view-default elementor-widget elementor-widget-icon\" data-id=\"19c35853\" data-element_type=\"widget\" data-widget_type=\"icon.default\">\n\t\t\t\t\t\t\t<div class=\"elementor-icon-wrapper\">\n\t\t\t<a class=\"elementor-icon\" href=\"https:\/\/www.facebook.com\/cecile.saimond.autrice\" target=\"_blank\" rel=\"nofollow noopener\">\n\t\t\t<svg aria-hidden=\"true\" class=\"e-font-icon-svg e-fab-facebook-f\" viewBox=\"0 0 320 512\" xmlns=\"http:\/\/www.w3.org\/2000\/svg\"><path d=\"M279.14 288l14.22-92.66h-88.91v-60.13c0-25.35 12.42-50.06 52.24-50.06h40.42V6.26S260.43 0 225.36 0c-73.22 0-121.08 44.38-121.08 124.72v70.62H22.89V288h81.39v224h100.17V288z\"><\/path><\/svg>\t\t\t<\/a>\n\t\t<\/div>\n\t\t\t\t\t\t<\/div>\n\t\t\t\t<div class=\"elementor-element elementor-element-2c94a512 elementor-view-default elementor-widget elementor-widget-icon\" data-id=\"2c94a512\" data-element_type=\"widget\" data-widget_type=\"icon.default\">\n\t\t\t\t\t\t\t<div class=\"elementor-icon-wrapper\">\n\t\t\t<a class=\"elementor-icon\" href=\"https:\/\/cecilesaimond.com\/autrice\/me-contacter\/\" rel=\"nofollow\">\n\t\t\t<svg aria-hidden=\"true\" class=\"e-font-icon-svg e-fas-envelope\" viewBox=\"0 0 512 512\" xmlns=\"http:\/\/www.w3.org\/2000\/svg\"><path d=\"M502.3 190.8c3.9-3.1 9.7-.2 9.7 4.7V400c0 26.5-21.5 48-48 48H48c-26.5 0-48-21.5-48-48V195.6c0-5 5.7-7.8 9.7-4.7 22.4 17.4 52.1 39.5 154.1 113.6 21.1 15.4 56.7 47.8 92.2 47.6 35.7.3 72-32.8 92.3-47.6 102-74.1 131.6-96.3 154-113.7zM256 320c23.2.4 56.6-29.2 73.4-41.4 132.7-96.3 142.8-104.7 173.4-128.7 5.8-4.5 9.2-11.5 9.2-18.9v-19c0-26.5-21.5-48-48-48H48C21.5 64 0 85.5 0 112v19c0 7.4 3.4 14.3 9.2 18.9 30.6 23.9 40.7 32.4 173.4 128.7 16.8 12.2 50.2 41.8 73.4 41.4z\"><\/path><\/svg>\t\t\t<\/a>\n\t\t<\/div>\n\t\t\t\t\t\t<\/div>\n\t\t\t\t<\/div>\n\t\t\t\t<\/div>\n\t\t\t\t\t<\/div>\n\t\t\t\t<\/div>\n\t\t\t\t<\/div>\n\t\t","protected":false},"excerpt":{"rendered":"<p>Trilogie \u00e0 paraitre en 2026 Je m&rsquo;inscris pour \u00eatre tenu.e inform\u00e9.e des sorties et des bonus Pas de spam sans \u00e2me, juste des infos et du fantastique. Tout le monde aime les histoires de fant\u00f4mes.Le probl\u00e8me, c\u2019est quand ils viennent eux-m\u00eames vous les raconter.<\/p>\n","protected":false},"author":1,"featured_media":0,"parent":0,"menu_order":0,"comment_status":"closed","ping_status":"closed","template":"elementor_header_footer","meta":{"ocean_post_layout":"","ocean_both_sidebars_style":"","ocean_both_sidebars_content_width":0,"ocean_both_sidebars_sidebars_width":0,"ocean_sidebar":"0","ocean_second_sidebar":"0","ocean_disable_margins":"enable","ocean_add_body_class":"","ocean_shortcode_before_top_bar":"","ocean_shortcode_after_top_bar":"","ocean_shortcode_before_header":"","ocean_shortcode_after_header":"","ocean_has_shortcode":"","ocean_shortcode_after_title":"","ocean_shortcode_before_footer_widgets":"","ocean_shortcode_after_footer_widgets":"","ocean_shortcode_before_footer_bottom":"","ocean_shortcode_after_footer_bottom":"","ocean_display_top_bar":"default","ocean_display_header":"default","ocean_header_style":"","ocean_center_header_left_menu":"0","ocean_custom_header_template":"0","ocean_custom_logo":0,"ocean_custom_retina_logo":0,"ocean_custom_logo_max_width":0,"ocean_custom_logo_tablet_max_width":0,"ocean_custom_logo_mobile_max_width":0,"ocean_custom_logo_max_height":0,"ocean_custom_logo_tablet_max_height":0,"ocean_custom_logo_mobile_max_height":0,"ocean_header_custom_menu":"0","ocean_menu_typo_font_family":"0","ocean_menu_typo_font_subset":"","ocean_menu_typo_font_size":0,"ocean_menu_typo_font_size_tablet":0,"ocean_menu_typo_font_size_mobile":0,"ocean_menu_typo_font_size_unit":"px","ocean_menu_typo_font_weight":"","ocean_menu_typo_font_weight_tablet":"","ocean_menu_typo_font_weight_mobile":"","ocean_menu_typo_transform":"","ocean_menu_typo_transform_tablet":"","ocean_menu_typo_transform_mobile":"","ocean_menu_typo_line_height":0,"ocean_menu_typo_line_height_tablet":0,"ocean_menu_typo_line_height_mobile":0,"ocean_menu_typo_line_height_unit":"","ocean_menu_typo_spacing":0,"ocean_menu_typo_spacing_tablet":0,"ocean_menu_typo_spacing_mobile":0,"ocean_menu_typo_spacing_unit":"","ocean_menu_link_color":"","ocean_menu_link_color_hover":"","ocean_menu_link_color_active":"","ocean_menu_link_background":"","ocean_menu_link_hover_background":"","ocean_menu_link_active_background":"","ocean_menu_social_links_bg":"","ocean_menu_social_hover_links_bg":"","ocean_menu_social_links_color":"","ocean_menu_social_hover_links_color":"","ocean_disable_title":"on","ocean_disable_heading":"default","ocean_post_title":"","ocean_post_subheading":"","ocean_post_title_style":"","ocean_post_title_background_color":"","ocean_post_title_background":0,"ocean_post_title_bg_image_position":"","ocean_post_title_bg_image_attachment":"","ocean_post_title_bg_image_repeat":"","ocean_post_title_bg_image_size":"","ocean_post_title_height":0,"ocean_post_title_bg_overlay":0.5,"ocean_post_title_bg_overlay_color":"","ocean_disable_breadcrumbs":"default","ocean_breadcrumbs_color":"","ocean_breadcrumbs_separator_color":"","ocean_breadcrumbs_links_color":"","ocean_breadcrumbs_links_hover_color":"","ocean_display_footer_widgets":"default","ocean_display_footer_bottom":"default","ocean_custom_footer_template":"0","footnotes":""},"class_list":["post-601","page","type-page","status-publish","hentry","entry","owp-thumbs-layout-horizontal","owp-btn-normal","owp-tabs-layout-horizontal","has-no-thumbnails"],"_links":{"self":[{"href":"https:\/\/cecilesaimond.com\/autrice\/wp-json\/wp\/v2\/pages\/601","targetHints":{"allow":["GET"]}}],"collection":[{"href":"https:\/\/cecilesaimond.com\/autrice\/wp-json\/wp\/v2\/pages"}],"about":[{"href":"https:\/\/cecilesaimond.com\/autrice\/wp-json\/wp\/v2\/types\/page"}],"author":[{"embeddable":true,"href":"https:\/\/cecilesaimond.com\/autrice\/wp-json\/wp\/v2\/users\/1"}],"replies":[{"embeddable":true,"href":"https:\/\/cecilesaimond.com\/autrice\/wp-json\/wp\/v2\/comments?post=601"}],"version-history":[{"count":31,"href":"https:\/\/cecilesaimond.com\/autrice\/wp-json\/wp\/v2\/pages\/601\/revisions"}],"predecessor-version":[{"id":928,"href":"https:\/\/cecilesaimond.com\/autrice\/wp-json\/wp\/v2\/pages\/601\/revisions\/928"}],"wp:attachment":[{"href":"https:\/\/cecilesaimond.com\/autrice\/wp-json\/wp\/v2\/media?parent=601"}],"curies":[{"name":"wp","href":"https:\/\/api.w.org\/{rel}","templated":true}]}}