{"id":1470,"date":"2026-04-09T10:14:00","date_gmt":"2026-04-09T08:14:00","guid":{"rendered":"https:\/\/cecilesaimond.com\/autrice\/?page_id=1470"},"modified":"2026-04-09T12:37:30","modified_gmt":"2026-04-09T10:37:30","slug":"deviens-partenaire","status":"publish","type":"page","link":"https:\/\/cecilesaimond.com\/autrice\/deviens-partenaire\/","title":{"rendered":"Devenir Partenaire"},"content":{"rendered":"\t\t<div data-elementor-type=\"wp-page\" data-elementor-id=\"1470\" class=\"elementor elementor-1470\">\n\t\t\t\t<div class=\"elementor-element elementor-element-4fc4717 e-flex e-con-boxed e-con e-parent\" data-id=\"4fc4717\" data-element_type=\"container\" data-settings=\"{&quot;background_background&quot;:&quot;gradient&quot;}\">\n\t\t\t\t\t<div class=\"e-con-inner\">\n\t\t\t\t<div class=\"elementor-element elementor-element-96a0d78 elementor-widget elementor-widget-spacer\" data-id=\"96a0d78\" data-element_type=\"widget\" data-widget_type=\"spacer.default\">\n\t\t\t\t\t\t\t<div class=\"elementor-spacer\">\n\t\t\t<div class=\"elementor-spacer-inner\"><\/div>\n\t\t<\/div>\n\t\t\t\t\t\t<\/div>\n\t\t\t\t<div class=\"elementor-element elementor-element-a0a3553 elementor-widget elementor-widget-heading\" data-id=\"a0a3553\" data-element_type=\"widget\" data-widget_type=\"heading.default\">\n\t\t\t\t\t<h2 class=\"elementor-heading-title elementor-size-default\">Devenir Partenaire<\/h2>\t\t\t\t<\/div>\n\t\t<div class=\"elementor-element elementor-element-423e4fe e-con-full e-flex e-con e-child\" data-id=\"423e4fe\" data-element_type=\"container\" data-settings=\"{&quot;background_background&quot;:&quot;classic&quot;}\">\n\t\t<div class=\"elementor-element elementor-element-8006569 e-con-full e-flex e-con e-child\" data-id=\"8006569\" data-element_type=\"container\" data-settings=\"{&quot;background_background&quot;:&quot;classic&quot;}\">\n\t\t<div class=\"elementor-element elementor-element-4c67f2c e-con-full e-flex e-con e-child\" data-id=\"4c67f2c\" data-element_type=\"container\" data-settings=\"{&quot;background_background&quot;:&quot;classic&quot;}\">\n\t\t\t\t<div class=\"elementor-element elementor-element-f6580fa elementor-widget elementor-widget-heading\" data-id=\"f6580fa\" data-element_type=\"widget\" data-widget_type=\"heading.default\">\n\t\t\t\t\t<h4 class=\"elementor-heading-title elementor-size-default\">Bienvenue<\/h4>\t\t\t\t<\/div>\n\t\t\t\t<div class=\"elementor-element elementor-element-0e24aec elementor-widget elementor-widget-text-editor\" data-id=\"0e24aec\" data-element_type=\"widget\" data-widget_type=\"text-editor.default\">\n\t\t\t\t\t\t\t\t\t<p>Et merci de ton int\u00e9r\u00eat et de te proposer pour accompagner mademoiselle Vyse et moi-m\u00eame dans une belle aventure !<\/p><p>Je te rappelle ici les principales informations, puis je te propose de r\u00e9pondre \u00e0 de menues questions dans un formulaire.<\/p>\t\t\t\t\t\t\t\t<\/div>\n\t\t\t\t<div class=\"elementor-element elementor-element-2c73da8 elementor-widget elementor-widget-heading\" data-id=\"2c73da8\" data-element_type=\"widget\" data-widget_type=\"heading.default\">\n\t\t\t\t\t<h4 class=\"elementor-heading-title elementor-size-default\">Ce que je te propose<\/h4>\t\t\t\t<\/div>\n\t\t\t\t<div class=\"elementor-element elementor-element-443eb07 elementor-widget elementor-widget-text-editor\" data-id=\"443eb07\" data-element_type=\"widget\" data-widget_type=\"text-editor.default\">\n\t\t\t\t\t\t\t\t\t<p class=\"cvGsUA direction-ltr align-justify para-style-body\"><span class=\"a_GcMg font-feature-liga-off font-feature-clig-off font-feature-calt-off text-decoration-none text-strikethrough-none\">\u2022 L\u2019acc\u00e8s au format <strong>ebook des 3 livres et des 2 nouvelle<\/strong>s au fur et \u00e0 mesure de la publication.<\/span><\/p><p class=\"cvGsUA direction-ltr align-justify para-style-body\"><span class=\"a_GcMg font-feature-liga-off font-feature-clig-off font-feature-calt-off text-decoration-none text-strikethrough-none\">\u2022 L\u2019acc\u00e8s \u00e0 un espace pour \u00e9changer et obtenir des informations en avant-premi\u00e8re ou du contenu exclusif.<\/span><\/p>\t\t\t\t\t\t\t\t<\/div>\n\t\t\t\t<div class=\"elementor-element elementor-element-7aaaa7b elementor-widget elementor-widget-heading\" data-id=\"7aaaa7b\" data-element_type=\"widget\" data-widget_type=\"heading.default\">\n\t\t\t\t\t<h4 class=\"elementor-heading-title elementor-size-default\">Ce que je te demande<\/h4>\t\t\t\t<\/div>\n\t\t\t\t<div class=\"elementor-element elementor-element-3793714 elementor-widget elementor-widget-text-editor\" data-id=\"3793714\" data-element_type=\"widget\" data-widget_type=\"text-editor.default\">\n\t\t\t\t\t\t\t\t\t<p class=\"cvGsUA direction-ltr align-justify para-style-body\"><span class=\"a_GcMg font-feature-liga-off font-feature-clig-off font-feature-calt-off text-decoration-none text-strikethrough-none\">\u2022 De <\/span><strong><span class=\"a_GcMg font-feature-liga-off font-feature-clig-off font-feature-calt-off text-decoration-none text-strikethrough-none\">chroniquer<\/span><\/strong><span class=\"a_GcMg font-feature-liga-off font-feature-clig-off font-feature-calt-off text-decoration-none text-strikethrough-none\"><strong> mes livres<\/strong> sur Insta ou autres, une fois que tu les as lus, dans une \u00e9ch\u00e9ance raisonnable apr\u00e8s leur sortie que tu d\u00e9finiras suivant tes imp\u00e9ratifs.<\/span><\/p><p class=\"cvGsUA direction-ltr align-justify para-style-body\"><span class=\"a_GcMg font-feature-liga-off font-feature-clig-off font-feature-calt-off text-decoration-none text-strikethrough-none\">\u2022 De leur mettre <\/span><strong><span class=\"a_GcMg font-feature-liga-off font-feature-clig-off font-feature-calt-off text-decoration-none text-strikethrough-none\">une note et un avis<\/span><\/strong><span class=\"a_GcMg font-feature-liga-off font-feature-clig-off font-feature-calt-off text-decoration-none text-strikethrough-none\"> sur les plateformes telles que Babelio, Booknode, Amazon, suivant ta pr\u00e9f\u00e9rence<\/span><\/p><p class=\"cvGsUA direction-ltr align-justify para-style-body\"><span class=\"a_GcMg font-feature-liga-off font-feature-clig-off font-feature-calt-off text-decoration-none text-strikethrough-none\">\u2022 De <\/span><strong><span class=\"a_GcMg font-feature-liga-off font-feature-clig-off font-feature-calt-off text-decoration-none text-strikethrough-none\">ne pas utiliser d\u2019IA<\/span><\/strong><span class=\"a_GcMg font-feature-liga-off font-feature-clig-off font-feature-calt-off text-decoration-none text-strikethrough-none\"><strong> g\u00e9n\u00e9rative<\/strong> tant pour tes visuels, que pour tes chroniques.<\/span><\/p>\t\t\t\t\t\t\t\t<\/div>\n\t\t\t\t<div class=\"elementor-element elementor-element-150d21f elementor-widget elementor-widget-heading\" data-id=\"150d21f\" data-element_type=\"widget\" data-widget_type=\"heading.default\">\n\t\t\t\t\t<h4 class=\"elementor-heading-title elementor-size-default\">Le formulaire s\u00e9curis\u00e9<\/h4>\t\t\t\t<\/div>\n\t\t\t\t<div class=\"elementor-element elementor-element-4a4be53 elementor-widget elementor-widget-text-editor\" data-id=\"4a4be53\" data-element_type=\"widget\" data-widget_type=\"text-editor.default\">\n\t\t\t\t\t\t\t\t\t\n<div class=\"wpcf7 no-js\" id=\"wpcf7-f1469-o1\" lang=\"fr-FR\" dir=\"ltr\" data-wpcf7-id=\"1469\">\n<div class=\"screen-reader-response\"><p role=\"status\" aria-live=\"polite\" aria-atomic=\"true\"><\/p> <ul><\/ul><\/div>\n<form action=\"\/autrice\/wp-json\/wp\/v2\/pages\/1470#wpcf7-f1469-o1\" method=\"post\" class=\"wpcf7-form init\" aria-label=\"Formulaire de contact\" novalidate=\"novalidate\" data-status=\"init\">\n<fieldset class=\"hidden-fields-container\"><input type=\"hidden\" name=\"_wpcf7\" value=\"1469\" \/><input type=\"hidden\" name=\"_wpcf7_version\" value=\"6.1.4\" \/><input type=\"hidden\" name=\"_wpcf7_locale\" value=\"fr_FR\" \/><input type=\"hidden\" name=\"_wpcf7_unit_tag\" value=\"wpcf7-f1469-o1\" \/><input type=\"hidden\" name=\"_wpcf7_container_post\" value=\"0\" \/><input type=\"hidden\" name=\"_wpcf7_posted_data_hash\" value=\"\" \/>\n<\/fieldset>\n<div class=\"wpcf7-turnstile cf-turnstile\" data-sitekey=\"0x4AAAAAABDhyOm3KgSE40J9\" data-response-field-name=\"_wpcf7_turnstile_response\"><\/div>\n\n<p><label> Mon pr\u00e9nom*<br \/>\n<span class=\"wpcf7-form-control-wrap\" data-name=\"your-name\"><input size=\"40\" maxlength=\"400\" class=\"wpcf7-form-control wpcf7-text wpcf7-validates-as-required\" autocomplete=\"name\" aria-required=\"true\" aria-invalid=\"false\" value=\"\" type=\"text\" name=\"your-name\" \/><\/span> <\/label>\n<\/p>\n<p><label> Quel est ton compte sur Instagram ?*<br \/>\n<span class=\"wpcf7-form-control-wrap\" data-name=\"Insta\"><input size=\"40\" maxlength=\"400\" class=\"wpcf7-form-control wpcf7-text wpcf7-validates-as-required\" aria-required=\"true\" aria-invalid=\"false\" value=\"\" type=\"text\" name=\"Insta\" \/><\/span> <\/label>\n<\/p>\n<p><label> Tes autres r\u00e9seaux sur lesquels tu penses faire des chroniques (facultatif).<br \/>\n<span class=\"wpcf7-form-control-wrap\" data-name=\"AutreRS\"><input size=\"40\" maxlength=\"400\" class=\"wpcf7-form-control wpcf7-text\" aria-invalid=\"false\" value=\"\" type=\"text\" name=\"AutreRS\" \/><\/span> <\/label>\n<\/p>\n<p><label> Ton adresse e-mail (je m&rsquo;en servirai pour t&rsquo;envoyer les ebooks de mes romans)<br \/>\n<span class=\"wpcf7-form-control-wrap\" data-name=\"your-email\"><input size=\"40\" maxlength=\"400\" class=\"wpcf7-form-control wpcf7-email wpcf7-validates-as-required wpcf7-text wpcf7-validates-as-email\" autocomplete=\"email\" aria-required=\"true\" aria-invalid=\"false\" value=\"\" type=\"email\" name=\"your-email\" \/><\/span> <\/label>\n<\/p>\n<p><label>Je veux bien \u00eatre inscrit\u2022e sur l&rsquo;infolettre des lecteurices des \u00c9tranges vies qui donne acc\u00e8s \u00e0 d&rsquo;autres lectures ou contenus privil\u00e9gi\u00e9s<\/label><br \/>\n<span class=\"wpcf7-form-control-wrap\" data-name=\"newsletter\"><select class=\"wpcf7-form-control wpcf7-select wpcf7-validates-as-required\" aria-required=\"true\" aria-invalid=\"false\" name=\"newsletter\"><option value=\"Oui, m&#039;inscrire\">Oui, m&#039;inscrire<\/option><option value=\"Non, merci, ne pas m&#039;inscrire\">Non, merci, ne pas m&#039;inscrire<\/option><\/select><\/span>\n<\/p>\n<p><label> Sur quelle(s) plateforme(s) de lecture es-tu inscrit\u00b7e ?*<\/label><br \/>\n<span class=\"wpcf7-form-control-wrap\" data-name=\"plateformes\"><span class=\"wpcf7-form-control wpcf7-checkbox wpcf7-validates-as-required\"><span class=\"wpcf7-list-item first\"><label><input type=\"checkbox\" name=\"plateformes[]\" value=\"Babelio\" \/><span class=\"wpcf7-list-item-label\">Babelio<\/span><\/label><\/span><span class=\"wpcf7-list-item\"><label><input type=\"checkbox\" name=\"plateformes[]\" value=\"Booknode\" \/><span class=\"wpcf7-list-item-label\">Booknode<\/span><\/label><\/span><span class=\"wpcf7-list-item\"><label><input type=\"checkbox\" name=\"plateformes[]\" value=\"Goodreads\" \/><span class=\"wpcf7-list-item-label\">Goodreads<\/span><\/label><\/span><span class=\"wpcf7-list-item\"><label><input type=\"checkbox\" name=\"plateformes[]\" value=\"Autre\" \/><span class=\"wpcf7-list-item-label\">Autre<\/span><\/label><\/span><span class=\"wpcf7-list-item last\"><label><input type=\"checkbox\" name=\"plateformes[]\" value=\"Aucune\" \/><span class=\"wpcf7-list-item-label\">Aucune<\/span><\/label><\/span><\/span><\/span>\n<\/p>\n<p><label> Si tu as envie de me dire quelque chose de particulier par rapport \u00e0 ce partenariat, ou de te pr\u00e9senter ou de pr\u00e9ciser ce qui t&rsquo;int\u00e9resse d&rsquo;avoir comme informations suppl\u00e9mentaires ? (facultatif)<br \/>\n<span class=\"wpcf7-form-control-wrap\" data-name=\"remarques\"><textarea cols=\"40\" rows=\"10\" maxlength=\"2000\" class=\"wpcf7-form-control wpcf7-textarea\" aria-invalid=\"false\" name=\"remarques\"><\/textarea><\/span> <\/label>\n<\/p>\n<p><label>Tu es d&rsquo;accord pour t&rsquo;engager sur mes demandes par rapport \u00e0 ce partenariat ?* (lire et chroniquer les romans sur lesquels tu t&rsquo;engageras, poster notes et commentaires sur Amazon et les plateformes de lecture o\u00f9 tu es inscrit\u00b7e<\/label><br \/>\n<span class=\"wpcf7-form-control-wrap\" data-name=\"Partenaires\"><span class=\"wpcf7-form-control wpcf7-checkbox wpcf7-validates-as-required\"><span class=\"wpcf7-list-item first last\"><label><input type=\"checkbox\" name=\"Partenaires[]\" value=\"Oui, je suis d&#039;accord\" \/><span class=\"wpcf7-list-item-label\">Oui, je suis d&#039;accord<\/span><\/label><\/span><\/span><\/span>\n<\/p>\n<p><label>Tu t&rsquo;engages \u00e0 ne pas utiliser l&rsquo;IA gen dans ce partenariat.*<\/label><br \/>\n<span class=\"wpcf7-form-control-wrap\" data-name=\"sansIA\"><span class=\"wpcf7-form-control wpcf7-checkbox wpcf7-validates-as-required\"><span class=\"wpcf7-list-item first last\"><label><input type=\"checkbox\" name=\"sansIA[]\" value=\"Oui, je suis d&#039;accord\" \/><span class=\"wpcf7-list-item-label\">Oui, je suis d&#039;accord<\/span><\/label><\/span><\/span><\/span>\n<\/p>\n<p><span class=\"wpcf7-form-control-wrap\" data-name=\"RGPD\"><span class=\"wpcf7-form-control wpcf7-acceptance\"><span class=\"wpcf7-list-item\"><label><input type=\"checkbox\" name=\"RGPD\" value=\"1\" aria-invalid=\"false\" \/><span class=\"wpcf7-list-item-label\">J\u2019ai lu et j&rsquo;accepte la <a href=\"https:\/\/cecilesaimond.com\/autrice\/politique-de-cookies-ue\/\" target=\"_blank\">Politique de confidentialit\u00e9<\/a> de ce site.<\/span><\/label><\/span><\/span><\/span>\n<\/p>\n<p><input class=\"wpcf7-form-control wpcf7-submit has-spinner\" type=\"submit\" value=\"Envoyer\" \/>\n<\/p><p style=\"display: none !important;\" class=\"akismet-fields-container\" data-prefix=\"_wpcf7_ak_\"><label>&#916;<textarea name=\"_wpcf7_ak_hp_textarea\" cols=\"45\" rows=\"8\" maxlength=\"100\"><\/textarea><\/label><input type=\"hidden\" id=\"ak_js_1\" name=\"_wpcf7_ak_js\" value=\"209\"\/><script>document.getElementById( \"ak_js_1\" ).setAttribute( \"value\", ( new Date() ).getTime() );<\/script><\/p><div class=\"wpcf7-response-output\" aria-hidden=\"true\"><\/div>\n<\/form>\n<\/div>\n\t\t\t\t\t\t\t\t<\/div>\n\t\t\t\t<\/div>\n\t\t<div class=\"elementor-element elementor-element-2e7f28c e-con-full e-flex e-con e-child\" data-id=\"2e7f28c\" data-element_type=\"container\">\n\t\t\t\t<div class=\"elementor-element elementor-element-ad9fc62 elementor-widget elementor-widget-image\" data-id=\"ad9fc62\" data-element_type=\"widget\" data-widget_type=\"image.default\">\n\t\t\t\t\t\t\t\t\t\t\t\t\t\t\t<img fetchpriority=\"high\" decoding=\"async\" width=\"600\" height=\"600\" src=\"https:\/\/cecilesaimond.com\/autrice\/wp-content\/uploads\/sites\/2\/2026\/01\/LES-ETRANGES-Abigail.jpg\" class=\"attachment-large size-large wp-image-922\" alt=\"\" srcset=\"https:\/\/cecilesaimond.com\/autrice\/wp-content\/uploads\/sites\/2\/2026\/01\/LES-ETRANGES-Abigail.jpg 600w, https:\/\/cecilesaimond.com\/autrice\/wp-content\/uploads\/sites\/2\/2026\/01\/LES-ETRANGES-Abigail-300x300.jpg 300w, https:\/\/cecilesaimond.com\/autrice\/wp-content\/uploads\/sites\/2\/2026\/01\/LES-ETRANGES-Abigail-150x150.jpg 150w, https:\/\/cecilesaimond.com\/autrice\/wp-content\/uploads\/sites\/2\/2026\/01\/LES-ETRANGES-Abigail-100x100.jpg 100w\" sizes=\"(max-width: 600px) 100vw, 600px\" \/>\t\t\t\t\t\t\t\t\t\t\t\t\t\t\t<\/div>\n\t\t\t\t<\/div>\n\t\t\t\t<\/div>\n\t\t\t\t<div class=\"elementor-element elementor-element-2292fb9 elementor-widget elementor-widget-image\" data-id=\"2292fb9\" data-element_type=\"widget\" data-widget_type=\"image.default\">\n\t\t\t\t\t\t\t\t\t\t\t\t\t\t\t<img decoding=\"async\" width=\"200\" height=\"132\" src=\"https:\/\/cecilesaimond.com\/autrice\/wp-content\/uploads\/sites\/2\/2025\/11\/puce-abi-likeFin.png\" class=\"attachment-full size-full wp-image-669\" alt=\"\" \/>\t\t\t\t\t\t\t\t\t\t\t\t\t\t\t<\/div>\n\t\t\t\t<div class=\"elementor-element elementor-element-4f7ab6d elementor-widget elementor-widget-spacer\" data-id=\"4f7ab6d\" data-element_type=\"widget\" data-widget_type=\"spacer.default\">\n\t\t\t\t\t\t\t<div class=\"elementor-spacer\">\n\t\t\t<div class=\"elementor-spacer-inner\"><\/div>\n\t\t<\/div>\n\t\t\t\t\t\t<\/div>\n\t\t\t\t<\/div>\n\t\t<div class=\"elementor-element elementor-element-8634ba8 e-con-full e-flex e-con e-child\" data-id=\"8634ba8\" data-element_type=\"container\" data-settings=\"{&quot;background_background&quot;:&quot;classic&quot;}\">\n\t\t<div class=\"elementor-element elementor-element-08672af e-con-full e-flex e-con e-child\" data-id=\"08672af\" data-element_type=\"container\" data-settings=\"{&quot;background_background&quot;:&quot;classic&quot;}\">\n\t\t<div class=\"elementor-element elementor-element-beabb57 e-con-full e-flex e-con e-child\" data-id=\"beabb57\" data-element_type=\"container\" data-settings=\"{&quot;background_background&quot;:&quot;classic&quot;}\">\n\t\t\t\t<div class=\"elementor-element elementor-element-bc51217 elementor-widget elementor-widget-heading\" data-id=\"bc51217\" data-element_type=\"widget\" data-widget_type=\"heading.default\">\n\t\t\t\t\t<h4 class=\"elementor-heading-title elementor-size-default\">3 livres &amp; 2 nouvelles<\/h4>\t\t\t\t<\/div>\n\t\t\t\t<div class=\"elementor-element elementor-element-bb3e74c elementor-widget elementor-widget-text-editor\" data-id=\"bb3e74c\" data-element_type=\"widget\" data-widget_type=\"text-editor.default\">\n\t\t\t\t\t\t\t\t\t<span class=\"accentue\">Les E\u0301tranges Vies d\u2019Abigail Vyse<\/span>, c\u2019est une trilogie fantastique qui navigue entre le ton le\u0301ger de deux nouvelles et des the\u0300mes de plus en plus dramatiques au fur et a\u0300 mesure des tomes. L\u2019intrigue, qui se de\u0301roule sur la seule anne\u0301e 1906, explore autant des e\u0301poques re\u0301volues qu\u2019elle imagine des arcanes mille\u0301naires. Les trois tomes sont publie\u0301s 120 ans apre\u0300s les extraordinaires aventures d\u2019Abigail.\t\t\t\t\t\t\t\t<\/div>\n\t\t\t\t<\/div>\n\t\t<div class=\"elementor-element elementor-element-ba441f1 e-con-full e-flex e-con e-child\" data-id=\"ba441f1\" data-element_type=\"container\">\n\t\t\t\t<div class=\"elementor-element elementor-element-13249d4 elementor-widget elementor-widget-video\" data-id=\"13249d4\" data-element_type=\"widget\" data-settings=\"{&quot;youtube_url&quot;:&quot;https:\\\/\\\/www.youtube.com\\\/shorts\\\/YqqSxb2uQsM&quot;,&quot;loop&quot;:&quot;yes&quot;,&quot;video_type&quot;:&quot;youtube&quot;,&quot;controls&quot;:&quot;yes&quot;}\" data-widget_type=\"video.default\">\n\t\t\t\t\t\t\t<div class=\"elementor-wrapper elementor-open-inline\">\n\t\t\t<div class=\"elementor-video\"><\/div>\t\t<\/div>\n\t\t\t\t\t\t<\/div>\n\t\t\t\t<\/div>\n\t\t\t\t<\/div>\n\t\t\t\t<div class=\"elementor-element elementor-element-038b6b5 elementor-widget elementor-widget-image\" data-id=\"038b6b5\" data-element_type=\"widget\" data-widget_type=\"image.default\">\n\t\t\t\t\t\t\t\t\t\t\t\t\t\t\t<img decoding=\"async\" width=\"200\" height=\"132\" src=\"https:\/\/cecilesaimond.com\/autrice\/wp-content\/uploads\/sites\/2\/2025\/11\/puce-abi-likeFin.png\" class=\"attachment-full size-full wp-image-669\" alt=\"\" \/>\t\t\t\t\t\t\t\t\t\t\t\t\t\t\t<\/div>\n\t\t\t\t<div class=\"elementor-element elementor-element-1892d99 elementor-widget elementor-widget-spacer\" data-id=\"1892d99\" data-element_type=\"widget\" data-widget_type=\"spacer.default\">\n\t\t\t\t\t\t\t<div class=\"elementor-spacer\">\n\t\t\t<div class=\"elementor-spacer-inner\"><\/div>\n\t\t<\/div>\n\t\t\t\t\t\t<\/div>\n\t\t\t\t<\/div>\n\t\t\t\t\t<\/div>\n\t\t\t\t<\/div>\n\t\t\t\t<\/div>\n\t\t","protected":false},"excerpt":{"rendered":"<p>Devenir Partenaire Bienvenue Et merci de ton int\u00e9r\u00eat et de te proposer pour accompagner mademoiselle Vyse et moi-m\u00eame dans une belle aventure ! Je te rappelle ici les principales informations, puis je te propose de r\u00e9pondre \u00e0 de menues questions dans un formulaire. Ce que je te propose \u2022 L\u2019acc\u00e8s au format ebook des 3 [&hellip;]<\/p>\n","protected":false},"author":1,"featured_media":0,"parent":0,"menu_order":0,"comment_status":"closed","ping_status":"closed","template":"elementor_header_footer","meta":{"ocean_post_layout":"","ocean_both_sidebars_style":"","ocean_both_sidebars_content_width":0,"ocean_both_sidebars_sidebars_width":0,"ocean_sidebar":"0","ocean_second_sidebar":"0","ocean_disable_margins":"enable","ocean_add_body_class":"","ocean_shortcode_before_top_bar":"","ocean_shortcode_after_top_bar":"","ocean_shortcode_before_header":"","ocean_shortcode_after_header":"","ocean_has_shortcode":"","ocean_shortcode_after_title":"","ocean_shortcode_before_footer_widgets":"","ocean_shortcode_after_footer_widgets":"","ocean_shortcode_before_footer_bottom":"","ocean_shortcode_after_footer_bottom":"","ocean_display_top_bar":"default","ocean_display_header":"default","ocean_header_style":"","ocean_center_header_left_menu":"0","ocean_custom_header_template":"0","ocean_custom_logo":0,"ocean_custom_retina_logo":0,"ocean_custom_logo_max_width":0,"ocean_custom_logo_tablet_max_width":0,"ocean_custom_logo_mobile_max_width":0,"ocean_custom_logo_max_height":0,"ocean_custom_logo_tablet_max_height":0,"ocean_custom_logo_mobile_max_height":0,"ocean_header_custom_menu":"0","ocean_menu_typo_font_family":"0","ocean_menu_typo_font_subset":"","ocean_menu_typo_font_size":0,"ocean_menu_typo_font_size_tablet":0,"ocean_menu_typo_font_size_mobile":0,"ocean_menu_typo_font_size_unit":"px","ocean_menu_typo_font_weight":"","ocean_menu_typo_font_weight_tablet":"","ocean_menu_typo_font_weight_mobile":"","ocean_menu_typo_transform":"","ocean_menu_typo_transform_tablet":"","ocean_menu_typo_transform_mobile":"","ocean_menu_typo_line_height":0,"ocean_menu_typo_line_height_tablet":0,"ocean_menu_typo_line_height_mobile":0,"ocean_menu_typo_line_height_unit":"","ocean_menu_typo_spacing":0,"ocean_menu_typo_spacing_tablet":0,"ocean_menu_typo_spacing_mobile":0,"ocean_menu_typo_spacing_unit":"","ocean_menu_link_color":"","ocean_menu_link_color_hover":"","ocean_menu_link_color_active":"","ocean_menu_link_background":"","ocean_menu_link_hover_background":"","ocean_menu_link_active_background":"","ocean_menu_social_links_bg":"","ocean_menu_social_hover_links_bg":"","ocean_menu_social_links_color":"","ocean_menu_social_hover_links_color":"","ocean_disable_title":"on","ocean_disable_heading":"default","ocean_post_title":"","ocean_post_subheading":"","ocean_post_title_style":"","ocean_post_title_background_color":"","ocean_post_title_background":0,"ocean_post_title_bg_image_position":"","ocean_post_title_bg_image_attachment":"","ocean_post_title_bg_image_repeat":"","ocean_post_title_bg_image_size":"","ocean_post_title_height":0,"ocean_post_title_bg_overlay":0.5,"ocean_post_title_bg_overlay_color":"","ocean_disable_breadcrumbs":"default","ocean_breadcrumbs_color":"","ocean_breadcrumbs_separator_color":"","ocean_breadcrumbs_links_color":"","ocean_breadcrumbs_links_hover_color":"","ocean_display_footer_widgets":"default","ocean_display_footer_bottom":"default","ocean_custom_footer_template":"0","footnotes":""},"class_list":["post-1470","page","type-page","status-publish","hentry","entry","owp-thumbs-layout-horizontal","owp-btn-normal","owp-tabs-layout-horizontal","has-no-thumbnails"],"_links":{"self":[{"href":"https:\/\/cecilesaimond.com\/autrice\/wp-json\/wp\/v2\/pages\/1470","targetHints":{"allow":["GET"]}}],"collection":[{"href":"https:\/\/cecilesaimond.com\/autrice\/wp-json\/wp\/v2\/pages"}],"about":[{"href":"https:\/\/cecilesaimond.com\/autrice\/wp-json\/wp\/v2\/types\/page"}],"author":[{"embeddable":true,"href":"https:\/\/cecilesaimond.com\/autrice\/wp-json\/wp\/v2\/users\/1"}],"replies":[{"embeddable":true,"href":"https:\/\/cecilesaimond.com\/autrice\/wp-json\/wp\/v2\/comments?post=1470"}],"version-history":[{"count":15,"href":"https:\/\/cecilesaimond.com\/autrice\/wp-json\/wp\/v2\/pages\/1470\/revisions"}],"predecessor-version":[{"id":1508,"href":"https:\/\/cecilesaimond.com\/autrice\/wp-json\/wp\/v2\/pages\/1470\/revisions\/1508"}],"wp:attachment":[{"href":"https:\/\/cecilesaimond.com\/autrice\/wp-json\/wp\/v2\/media?parent=1470"}],"curies":[{"name":"wp","href":"https:\/\/api.w.org\/{rel}","templated":true}]}}